{"id":24730,"date":"2018-01-08T11:10:02","date_gmt":"2018-01-08T08:10:02","guid":{"rendered":"http:\/\/www.matikotomat.com.tr\/iletisim\/"},"modified":"2020-12-11T00:45:59","modified_gmt":"2020-12-10T21:45:59","slug":"contact","status":"publish","type":"page","link":"https:\/\/www.matikotomat.com.tr\/en\/contact\/","title":{"rendered":"CONTACT"},"content":{"rendered":"<div class=\"wpb-content-wrapper\"><p>[vc_row full_width=&#8221;stretch_row&#8221; css=&#8221;.vc_custom_1587133991684{margin-bottom: 0px !important;background-position: center !important;background-repeat: no-repeat !important;background-size: cover !important;}&#8221; custom_css_code=&#8221;JTQwbWVkaWElMjAlMjhtYXgtd2lkdGglM0ElMjAxMTk5cHglMjklN0IlMEElMjAlMjAlMjAlMjAucm93JTIwJTNFJTIwJTJBJTIwJTdCJTIwbWFyZ2luLXRvcCUzQSUyMDAlM0IlMjAlN0QlMEElMjAlMjAlMjAlMjAucm93JTIwJTdCJTIwbWFyZ2luLXRvcCUzQSUyMDAlM0IlMjAlN0QlMjAlMjAlMEElN0QlMEEud3BjZjctZm9ybSUyMGlucHV0JTVCdHlwZSUzRCUyN3N1Ym1pdCUyNyU1RCU3QiUwQSUyMCUyMCUyMCUyMGZvbnQtc2l6ZSUzQSUyMDE0cHglM0IlMEElMjAlMjAlMjAlMjBsZXR0ZXItc3BhY2luZyUzQSUyMDEuMnB4JTNCJTBBJTdEJTBBdGV4dGFyZWElMjAlN0IlMEElMjAlMjAlMjAlMjBoZWlnaHQlM0ElMjAxNDBweCUzQiUwQSU3RA==&#8221;][vc_column]<div class=\"clearboth\"><\/div><style>#thegem-divider-69ea43f66b82e {margin-top: 45px !important;}<\/style><div id=\"thegem-divider-69ea43f66b82e\" class=\"gem-divider  \" style=\"\" ><\/div>[\/vc_column][vc_column width=&#8221;1\/2&#8243;][vc_column_text]<\/p>\n<div class=\"title-h2\" style=\"text-align: left; margin-bottom: 20px;\"><span style=\"color: #2c2e3d;\">CONTACT US<\/span><\/div>\n<div style=\"width: 55px; height: 3px; background: #00bcd4; text-indent: 9999px;\">1<\/div>\n<div id=\"gtx-trans\" style=\"position: absolute; left: 72px; top: 90.1875px;\">\n<div class=\"gtx-trans-icon\"><\/div>\n<\/div>\n<p>[\/vc_column_text]<div class=\"clearboth\"><\/div><style>#thegem-divider-69ea43f66ba96 {margin-top: 55px !important;}<\/style><div id=\"thegem-divider-69ea43f66ba96\" class=\"gem-divider  \" style=\"\" ><\/div>[vc_column_text]<\/p>\n<div class=\"title-h6\" style=\"font-size: 14px;\">\n<p>24\/7 CALL CENTER<\/p>\n<\/div>\n<div id=\"gtx-trans\" style=\"position: absolute; left: -6px; top: -8.34375px;\">\n<div class=\"gtx-trans-icon\"><\/div>\n<\/div>\n<p>[\/vc_column_text][vc_column_text]<\/p>\n<div class=\"title-h1\"><span style=\"color: #95c11f;\"><a href=\"tel:4443269\">444 32 69<\/a><br \/>\n<\/span><\/div>\n<p>[\/vc_column_text][vc_column_text]<\/p>\n<div class=\"title-h6\" style=\"font-size: 14px;\"><span style=\"color: #2c2e3d;\">E-MAIL<\/span><\/div>\n<div id=\"gtx-trans\" style=\"position: absolute; left: -9px; top: 38.6563px;\">\n<div class=\"gtx-trans-icon\"><\/div>\n<\/div>\n<p>[\/vc_column_text][vc_column_text css=&#8221;.vc_custom_1597740547252{padding-top: 10px !important;}&#8221;]<a href=\"mailto:info@matikotomat.com.tr\"><span style=\"color: #95c11f; font-size: 20px;\">info@matikotomat.com.tr<\/span><\/a>[\/vc_column_text][vc_column_text css=&#8221;.vc_custom_1605916853392{padding-top: 10px !important;}&#8221;]<\/p>\n<div class=\"title-h6\" style=\"font-size: 14px;\">Address: \u0130OSB S\u00fcleyman Demirel Bulvar\u0131 Sinpa\u015f \u0130\u015f Modern Ticaret Merkezi H Blok No:32 \u0130kitelli Ba\u015fak\u015fehir \/\u0130STANBUL<\/div>\n<p>[\/vc_column_text]<div class=\"gem-button-container gem-button-position-inline thegem-button-69ea43f66bc034689    \"  ><a class=\"gem-button gem-button-size-small gem-button-style-flat gem-button-text-weight-normal\" data-ll-effect=\"drop-right-without-wrap\" style=\"border-radius: 3px;\" onmouseleave=\"\" onmouseenter=\"\" href=\"https:\/\/www.google.com\/maps\/place\/Matik+G%C4%B1da+Otomat\/@41.0714743,28.7922345,17z\/data=!3m1!4b1!4m5!3m4!1s0x14cab7aef8b39689:0x47ac98491f242bd6!8m2!3d41.0714703!4d28.7944232\" target=\"_blank\">TO OPEN WITH THE MAP<\/a><\/div> [\/vc_column][vc_column width=&#8221;1\/2&#8243; offset=&#8221;vc_col-lg-offset-0 vc_col-md-offset-0 vc_col-sm-offset-0&#8243; css=&#8221;.vc_custom_1595908664628{padding-top: 10px !important;padding-bottom: 10px !important;}&#8221;]<div class=\"clearboth\"><\/div><style>#thegem-divider-69ea43f66bc97 {margin-top: 10px !important;}<\/style><div id=\"thegem-divider-69ea43f66bc97\" class=\"gem-divider  \" style=\"\" ><\/div>[\/vc_column][vc_column]<div class=\"clearboth\"><\/div><style>#thegem-divider-69ea43f66bcdd {margin-top: 20px !important;}<\/style><div id=\"thegem-divider-69ea43f66bcdd\" class=\"gem-divider  \" style=\"\" ><\/div>[\/vc_column][\/vc_row][vc_row full_width=&#8221;stretch_row_content_no_spaces&#8221; css=&#8221;.vc_custom_1595908464630{margin-bottom: 0px !important;}&#8221;][vc_column][vc_gmaps link=&#8221;#E-8_JTNDaWZyYW1lJTIwc3JjJTNEJTIyaHR0cHMlM0ElMkYlMkZ3d3cuZ29vZ2xlLmNvbSUyRm1hcHMlMkZlbWJlZCUzRnBiJTNEJTIxMW0xOCUyMTFtMTIlMjExbTMlMjExZDMwMDcuODg2NDY0ODU3MjIwMyUyMTJkMjguNzkyMjM0NTE1MzM4MjIyJTIxM2Q0MS4wNzE0NzQzMjM0ODI1MyUyMTJtMyUyMTFmMCUyMTJmMCUyMTNmMCUyMTNtMiUyMTFpMTAyNCUyMTJpNzY4JTIxNGYxMy4xJTIxM20zJTIxMW0yJTIxMXMweDE0Y2FiN2FlZjhiMzk2ODklMjUzQTB4NDdhYzk4NDkxZjI0MmJkNiUyMTJzTWF0aWslMjUyMEclMjVDNCUyNUIxZGElMjUyME90b21hdCUyMTVlMCUyMTNtMiUyMTFzdHIlMjEyc3RyJTIxNHYxNTk1OTA4MjI0NzAxJTIxNW0yJTIxMXN0ciUyMTJzdHIlMjIlMjB3aWR0aCUzRCUyMjYwMCUyMiUyMGhlaWdodCUzRCUyMjQ1MCUyMiUyMGZyYW1lYm9yZGVyJTNEJTIyMCUyMiUyMHN0eWxlJTNEJTIyYm9yZGVyJTNBMCUzQiUyMiUyMGFsbG93ZnVsbHNjcmVlbiUzRCUyMiUyMiUyMGFyaWEtaGlkZGVuJTNEJTIyZmFsc2UlMjIlMjB0YWJpbmRleCUzRCUyMjAlMjIlM0UlM0MlMkZpZnJhbWUlM0U=&#8221;][\/vc_column][\/vc_row][vc_row full_width=&#8221;stretch_row&#8221; content_placement=&#8221;middle&#8221; css=&#8221;.vc_custom_1595909016944{margin-top: -20px !important;margin-bottom: 0px !important;padding-top: 70px !important;padding-bottom: 100px !important;background-color: #3c3c3b !important;}&#8221;][vc_column][vc_column_text]<\/p>\n<div class=\"title-h2\" style=\"text-align: center;\"><span style=\"color: #ffffff;\">FOLLOW US<\/span><\/div>\n<p>[\/vc_column_text]<div class=\"clearboth\"><\/div><style>#thegem-divider-69ea43f66bd1c {margin-top: 40px !important;}<\/style><div id=\"thegem-divider-69ea43f66bd1c\" class=\"gem-divider  \" style=\"\" ><\/div><div class=\"clearboth\"><\/div><style>#thegem-divider-69ea43f66bd58 {margin-top: 90px !important;}<\/style><div id=\"thegem-divider-69ea43f66bd58\" class=\"gem-divider  \" style=\"\" ><\/div><div class=\"socials socials-list socials-colored-hover socials-rounded socials-alignment-center\"><a class=\"socials-item\" target=\"_blank\" href=\"https:\/\/www.facebook.com\/matikotomat\" style=\"color: #ffffff;\"><i class=\"socials-item-icon facebook\" style=\"font-size: 32px\"><\/i><\/a><a class=\"socials-item\" target=\"_blank\" href=\"https:\/\/www.linkedin.com\/company\/matik-g%C4%B1da-otomat-a.%C5%9F.\" style=\"color: #ffffff;\"><i class=\"socials-item-icon linkedin\" style=\"font-size: 32px\"><\/i><\/a><\/div>[\/vc_column][\/vc_row]<\/p>\n<\/div>","protected":false},"excerpt":{"rendered":"<p>[vc_row full_width=&#8221;stretch_row&#8221; css=&#8221;.vc_custom_1587133991684{margin-bottom: 0px !important;background-position: center !important;background-repeat: no-repeat !important;background-size: cover !important;}&#8221; custom_css_code=&#8221;JTQwbWVkaWElMjAlMjhtYXgtd2lkdGglM0ElMjAxMTk5cHglMjklN0IlMEElMjAlMjAlMjAlMjAucm93JTIwJTNFJTIwJTJBJTIwJTdCJTIwbWFyZ2luLXRvcCUzQSUyMDAlM0IlMjAlN0QlMEElMjAlMjAlMjAlMjAucm93JTIwJTdCJTIwbWFyZ2luLXRvcCUzQSUyMDAlM0IlMjAlN0QlMjAlMjAlMEElN0QlMEEud3BjZjctZm9ybSUyMGlucHV0JTVCdHlwZSUzRCUyN3N1Ym1pdCUyNyU1RCU3QiUwQSUyMCUyMCUyMCUyMGZvbnQtc2l6ZSUzQSUyMDE0cHglM0IlMEElMjAlMjAlMjAlMjBsZXR0ZXItc3BhY2luZyUzQSUyMDEuMnB4JTNCJTBBJTdEJTBBdGV4dGFyZWElMjAlN0IlMEElMjAlMjAlMjAlMjBoZWlnaHQlM0ElMjAxNDBweCUzQiUwQSU3RA==&#8221;][vc_column][\/vc_column][vc_column width=&#8221;1\/2&#8243;][vc_column_text] CONTACT US 1 [\/vc_column_text][vc_column_text] 24\/7 CALL CENTER&#8230;<\/p>\n","protected":false},"author":1,"featured_media":0,"parent":0,"menu_order":0,"comment_status":"closed","ping_status":"closed","template":"","meta":{"footnotes":""},"class_list":["post-24730","page","type-page","status-publish"],"_links":{"self":[{"href":"https:\/\/www.matikotomat.com.tr\/en\/wp-json\/wp\/v2\/pages\/24730","targetHints":{"allow":["GET"]}}],"collection":[{"href":"https:\/\/www.matikotomat.com.tr\/en\/wp-json\/wp\/v2\/pages"}],"about":[{"href":"https:\/\/www.matikotomat.com.tr\/en\/wp-json\/wp\/v2\/types\/page"}],"author":[{"embeddable":true,"href":"https:\/\/www.matikotomat.com.tr\/en\/wp-json\/wp\/v2\/users\/1"}],"replies":[{"embeddable":true,"href":"https:\/\/www.matikotomat.com.tr\/en\/wp-json\/wp\/v2\/comments?post=24730"}],"version-history":[{"count":0,"href":"https:\/\/www.matikotomat.com.tr\/en\/wp-json\/wp\/v2\/pages\/24730\/revisions"}],"wp:attachment":[{"href":"https:\/\/www.matikotomat.com.tr\/en\/wp-json\/wp\/v2\/media?parent=24730"}],"curies":[{"name":"wp","href":"https:\/\/api.w.org\/{rel}","templated":true}]}}