{"id":24647,"date":"2020-07-28T12:55:12","date_gmt":"2020-07-28T09:55:12","guid":{"rendered":"http:\/\/www.matikotomat.com.tr\/kvkk\/"},"modified":"2020-11-20T22:36:04","modified_gmt":"2020-11-20T19:36:04","slug":"privacy","status":"publish","type":"page","link":"https:\/\/www.matikotomat.com.tr\/en\/privacy\/","title":{"rendered":"Privacy"},"content":{"rendered":"<div class=\"wpb-content-wrapper\"><p>[vc_row full_width=&#8221;stretch_row_content_no_spaces&#8221; equal_height=&#8221;yes&#8221; css=&#8221;.vc_custom_1513928757333{margin-bottom: 0px !important;}&#8221;][vc_column offset=&#8221;vc_hidden-md vc_hidden-sm vc_hidden-xs&#8221;]<div class=\"clearboth\"><\/div><style>#thegem-divider-69e1980c6efe2 {margin-top: 100px !important;}<\/style><div id=\"thegem-divider-69e1980c6efe2\" class=\"gem-divider  \" style=\"\" ><\/div>[\/vc_column][\/vc_row][vc_row full_width=&#8221;stretch_row&#8221; equal_height=&#8221;yes&#8221; css=&#8221;.vc_custom_1596722580305{margin-top: 40px !important;margin-bottom: 0px !important;}&#8221;][vc_column offset=&#8221;vc_col-lg-8 vc_col-md-7&#8243;][vc_column_text]<\/p>\n<div class=\"styled-subtitle\">Privacy<\/div>\n<p>[\/vc_column_text]<div class=\"clearboth\"><\/div><style>#thegem-divider-69e1980c6f380 {margin-top: 45px !important;}<\/style><div id=\"thegem-divider-69e1980c6f380\" class=\"gem-divider  \" style=\"\" ><\/div>[vc_column_text]As being, MAT\u0130K OTOMAT S\u0130STEMLER\u0130 SAN. VE T\u0130C. A.S. , we use cookies to make the most of our websites and to improve your user experience. If you do not prefer to use cookies, you can delete or block cookies from the settings of your browser by using the detailed cookie removal explanation below. However, we would like to remind you that this may affect your use of our websites. Unless you change your cookie settings from your browser, we will assume that you accept the use of cookies on our websites. You can access the regulations regarding the collected data in the Clarification Text on our website.[\/vc_column_text]<div class=\"clearboth\"><\/div><style>#thegem-divider-69e1980c6f3bb {margin-top: 45px !important;}<\/style><div id=\"thegem-divider-69e1980c6f3bb\" class=\"gem-divider  \" style=\"\" ><\/div><div class=\"gem-list\" ><ul>\n<li><a href=\"http:\/\/www.matikotomat.com.tr\/kvkk\/cerez-politikasi\/\" target=\"_blank\" rel=\"noopener noreferrer\">Cookie Policy<\/a><\/li>\n<\/ul>\n<\/div>[\/vc_column][vc_column offset=&#8221;vc_col-lg-4 vc_col-md-5 vc_hidden-sm vc_hidden-xs&#8221;]<div class=\"centered-box gem-image-centered-box\" ><div class=\"gem-image gem-wrapbox gem-wrapbox-style-default gem-wrapbox-position-centered lazy-loading  thegem-custom-69e1980c6f4e81763\"  style=\"\" ><div class=\"gem-wrapbox-inner  lazy-loading-item\"  data-ll-effect=\"move-up\"><img class=\"gem-wrapbox-element img-responsive\" src=\"https:\/\/www.matikotomat.com.tr\/wp-content\/uploads\/2020\/07\/kvkk.jpg\" alt=\"\"\/><\/div><\/div><\/div>[\/vc_column][\/vc_row][vc_row full_width=&#8221;stretch_row_content_no_spaces&#8221; equal_height=&#8221;yes&#8221; css=&#8221;.vc_custom_1513928757333{margin-bottom: 0px !important;}&#8221;][vc_column offset=&#8221;vc_hidden-md vc_hidden-sm vc_hidden-xs&#8221;]<div class=\"clearboth\"><\/div><style>#thegem-divider-69e1980c6fa59 {margin-top: 150px !important;}<\/style><div id=\"thegem-divider-69e1980c6fa59\" class=\"gem-divider  \" style=\"\" ><\/div>[\/vc_column][\/vc_row]<\/p>\n<\/div>","protected":false},"excerpt":{"rendered":"<p>[vc_row full_width=&#8221;stretch_row_content_no_spaces&#8221; equal_height=&#8221;yes&#8221; css=&#8221;.vc_custom_1513928757333{margin-bottom: 0px !important;}&#8221;][vc_column offset=&#8221;vc_hidden-md vc_hidden-sm vc_hidden-xs&#8221;][\/vc_column][\/vc_row][vc_row full_width=&#8221;stretch_row&#8221; equal_height=&#8221;yes&#8221; css=&#8221;.vc_custom_1596722580305{margin-top: 40px !important;margin-bottom: 0px !important;}&#8221;][vc_column offset=&#8221;vc_col-lg-8 vc_col-md-7&#8243;][vc_column_text] Privacy [\/vc_column_text][vc_column_text]As&#8230;<\/p>\n","protected":false},"author":1,"featured_media":0,"parent":0,"menu_order":0,"comment_status":"closed","ping_status":"closed","template":"","meta":{"footnotes":""},"class_list":["post-24647","page","type-page","status-publish"],"_links":{"self":[{"href":"https:\/\/www.matikotomat.com.tr\/en\/wp-json\/wp\/v2\/pages\/24647","targetHints":{"allow":["GET"]}}],"collection":[{"href":"https:\/\/www.matikotomat.com.tr\/en\/wp-json\/wp\/v2\/pages"}],"about":[{"href":"https:\/\/www.matikotomat.com.tr\/en\/wp-json\/wp\/v2\/types\/page"}],"author":[{"embeddable":true,"href":"https:\/\/www.matikotomat.com.tr\/en\/wp-json\/wp\/v2\/users\/1"}],"replies":[{"embeddable":true,"href":"https:\/\/www.matikotomat.com.tr\/en\/wp-json\/wp\/v2\/comments?post=24647"}],"version-history":[{"count":0,"href":"https:\/\/www.matikotomat.com.tr\/en\/wp-json\/wp\/v2\/pages\/24647\/revisions"}],"wp:attachment":[{"href":"https:\/\/www.matikotomat.com.tr\/en\/wp-json\/wp\/v2\/media?parent=24647"}],"curies":[{"name":"wp","href":"https:\/\/api.w.org\/{rel}","templated":true}]}}