{"id":24590,"date":"2020-07-27T23:28:46","date_gmt":"2020-07-27T20:28:46","guid":{"rendered":"http:\/\/www.matikotomat.com.tr\/hakkimizda\/"},"modified":"2020-07-27T23:28:46","modified_gmt":"2020-07-27T20:28:46","slug":"hakkimizda","status":"publish","type":"page","link":"https:\/\/www.matikotomat.com.tr\/en\/hakkimizda\/","title":{"rendered":"Hakk\u0131m\u0131zda"},"content":{"rendered":"<div class=\"wpb-content-wrapper\"><p>[vc_row full_width=&#8221;stretch_row_content_no_spaces&#8221; equal_height=&#8221;yes&#8221; css=&#8221;.vc_custom_1513928757333{margin-bottom: 0px !important;}&#8221;][vc_column offset=&#8221;vc_hidden-md vc_hidden-sm vc_hidden-xs&#8221;]<div class=\"clearboth\"><\/div><style>#thegem-divider-69de3bf92dc0d {margin-top: 100px !important;}<\/style><div id=\"thegem-divider-69de3bf92dc0d\" class=\"gem-divider  \" style=\"\" ><\/div>[\/vc_column][\/vc_row][vc_row full_width=&#8221;stretch_row&#8221; equal_height=&#8221;yes&#8221; css=&#8221;.vc_custom_1596720550760{margin-top: 40px !important;margin-bottom: 0px !important;}&#8221;][vc_column offset=&#8221;vc_col-lg-8 vc_col-md-7&#8243;][vc_column_text]<\/p>\n<div class=\"title-h1\" style=\"letter-spacing: 0;\">MAT\u0130K OTOMAT<\/div>\n<p>[\/vc_column_text]<div class=\"clearboth\"><\/div><style>#thegem-divider-69de3bf92dea3 {margin-top: 45px !important;}<\/style><div id=\"thegem-divider-69de3bf92dea3\" class=\"gem-divider  \" style=\"\" ><\/div>[vc_column_text]<\/p>\n<div class=\"styled-subtitle\">2017 y\u0131l\u0131nda T\u00fcrkiye\u2019nin en b\u00fcy\u00fck firmalar\u0131n\u0131n otomat partneri olarak en iyi hizmet kalitesini sunma hedefiyle yola \u00e7\u0131km\u0131\u015f bir kad\u0131n giri\u015fimiyiz.<\/div>\n<p>[\/vc_column_text]<div class=\"clearboth\"><\/div><style>#thegem-divider-69de3bf92df0b {margin-top: 45px !important;}<\/style><div id=\"thegem-divider-69de3bf92df0b\" class=\"gem-divider  \" style=\"\" ><\/div>[vc_row_inner][vc_column_inner offset=&#8221;vc_col-lg-6&#8243;][vc_column_text]Var olu\u015f ama\u00e7lar\u0131m\u0131z\u0131n ba\u015f\u0131nda sekt\u00f6rde \u00f6l\u00e7\u00fclebilir ve s\u00fcrekli geli\u015fime a\u00e7\u0131k kurumsal bir otomat operat\u00f6r\u00fcne duyulan ihtiyac\u0131 kar\u015f\u0131lamak gelir.<br \/>\n10 y\u0131l\u0131 a\u015fk\u0131n sekt\u00f6r tecr\u00fcbesine sahip teknik ve operasyon ekibimizle beraber tamam\u0131 kurumsal hayat\u0131n i\u00e7inden gelen profesyonel y\u00f6netim kadromuz ve teknoloji tabanl\u0131 y\u00f6netim sistemlerimiz sayesinde her zaman i\u00e7in en iyi hizmet kalitesini garanti etmek \u00f6nceli\u011fimizdir.[\/vc_column_text][\/vc_column_inner][vc_column_inner offset=&#8221;vc_col-lg-6&#8243;][vc_column_text]Tamamen \u015feffaf ve online izlenebilir teknoloji alt yap\u0131m\u0131z ile \u2018%100 M\u00fc\u015fteri Memnuniyeti\u2019 prensibini oda\u011f\u0131m\u0131zda tutuyoruz.[\/vc_column_text][\/vc_column_inner][\/vc_row_inner]<div class=\"clearboth\"><\/div><style>#thegem-divider-69de3bf92df65 {margin-top: 45px !important;}<\/style><div id=\"thegem-divider-69de3bf92df65\" class=\"gem-divider  \" style=\"\" ><\/div>[\/vc_column][vc_column offset=&#8221;vc_col-lg-4 vc_col-md-5 vc_hidden-sm vc_hidden-xs&#8221;]<div class=\"centered-box gem-image-centered-box\" ><div class=\"gem-image gem-wrapbox gem-wrapbox-style-default gem-wrapbox-position-centered lazy-loading  thegem-custom-69de3bf92dfd7466\"  style=\"\" ><div class=\"gem-wrapbox-inner  lazy-loading-item\"  data-ll-effect=\"move-up\"><img class=\"gem-wrapbox-element img-responsive\" src=\"https:\/\/www.matikotomat.com.tr\/wp-content\/uploads\/2020\/07\/hakkimizda.jpg\" alt=\"\"\/><\/div><\/div><\/div>[\/vc_column][\/vc_row][vc_row full_width=&#8221;stretch_row_content_no_spaces&#8221; equal_height=&#8221;yes&#8221; css=&#8221;.vc_custom_1513928757333{margin-bottom: 0px !important;}&#8221;][vc_column offset=&#8221;vc_hidden-md vc_hidden-sm vc_hidden-xs&#8221;]<div class=\"clearboth\"><\/div><style>#thegem-divider-69de3bf92f58f {margin-top: 10px !important;}<\/style><div id=\"thegem-divider-69de3bf92f58f\" class=\"gem-divider  \" style=\"\" ><\/div>[\/vc_column][\/vc_row][vc_row full_width=&#8221;stretch_row&#8221; css=&#8221;.vc_custom_1595884405757{margin-top: 80px !important;padding-top: 50px !important;padding-bottom: 50px !important;background-color: #f0f3f2 !important;}&#8221;][vc_column][vc_column_text]<\/p>\n<h2 style=\"text-align: center;\"><span style=\"color: #3c3950;\"><span class=\"light\">DE\u011eERLER\u0130M\u0130Z VE<\/span> VARLIK SEBEB\u0130M\u0130Z<\/span><\/h2>\n<p>[\/vc_column_text]<div class=\"clearboth\"><\/div><style>#thegem-divider-69de3bf92f62f {margin-top: 40px !important;}<\/style><div id=\"thegem-divider-69de3bf92f62f\" class=\"gem-divider  \" style=\"\" ><\/div>[vc_column_text]<\/p>\n<div class=\"styled-subtitle\" style=\"text-align: center;\">Teknolojik alt yap\u0131m\u0131z\u0131 yenilik\u00e7i bak\u0131\u015f a\u00e7\u0131m\u0131zla harmanlayarak t\u00fcm payda\u015flar\u0131m\u0131z\u0131n hayat\u0131n\u0131 kolayla\u015ft\u0131rma hedefiyle otomat sekt\u00f6r\u00fcn\u00fc uluslararas\u0131 platformda daha ileriye g\u00f6t\u00fcrmek i\u00e7in var\u0131z.<\/div>\n<p>[\/vc_column_text]<div class=\"clearboth\"><\/div><style>#thegem-divider-69de3bf92f69d {margin-top: 100px !important;}<\/style><div id=\"thegem-divider-69de3bf92f69d\" class=\"gem-divider  \" style=\"\" ><\/div>[vc_row_inner css=&#8221;.vc_custom_1595872883843{margin-bottom: 0px !important;}&#8221;][vc_column_inner width=&#8221;1\/3&#8243;]<div class=\"gem-icon-with-text gem-icon-with-text-icon-size-small\" ><div style=\"margin-bottom:0px;margin-top:0px; \" class=\"gem-icon-with-text-icon\"><div class=\"gem-icon gem-icon-pack-material gem-icon-size-small  gem-icon-shape-circle\"  style=\"border-color: #3c3c3b;opacity: 1;\"><div class=\"gem-icon-inner\" style=\"background-color: #3c3c3b;\"><span class=\"gem-icon-half-1\" style=\"color: #95c11f;\"><span class=\"back-angle\">&#xf287;<\/span><\/span><span class=\"gem-icon-half-2\" style=\"color: #95c11f;\"><span class=\"back-angle\">&#xf287;<\/span><\/span><\/div><\/div><\/div><div class=\"gem-icon-with-text-content\" ><div class=\"gem-icon-with-text-text\">[vc_column_text css=&#8221;.vc_custom_1595861403275{margin-top: 12px !important;}&#8221;]<\/p>\n<div class=\"title-h5\">\u0130nsan odakl\u0131y\u0131z<\/div>\n<p>[\/vc_column_text]<\/div><\/div><div class=\"clearboth\"><\/div><\/div>[\/vc_column_inner][vc_column_inner width=&#8221;1\/3&#8243;]<div class=\"gem-icon-with-text gem-icon-with-text-icon-size-small\" ><div style=\"margin-bottom:0px;margin-top:0px; \" class=\"gem-icon-with-text-icon\"><div class=\"gem-icon gem-icon-pack-material gem-icon-size-small  gem-icon-shape-circle\"  style=\"border-color: #95c11f;opacity: 1;\"><div class=\"gem-icon-inner\" style=\"background-color: #95c11f;\"><span class=\"gem-icon-half-1\" style=\"color: #3c3c3b;\"><span class=\"back-angle\">&#xf287;<\/span><\/span><span class=\"gem-icon-half-2\" style=\"color: #3c3c3b;\"><span class=\"back-angle\">&#xf287;<\/span><\/span><\/div><\/div><\/div><div class=\"gem-icon-with-text-content\" ><div class=\"gem-icon-with-text-text\">[vc_column_text css=&#8221;.vc_custom_1595861543997{margin-top: 12px !important;}&#8221;]<\/p>\n<div class=\"title-h5\">Kalite ve hijyene \u00f6ncelik veririz<\/div>\n<div id=\"gtx-trans\" style=\"position: absolute; left: -51px; top: -15px;\">\n<div class=\"gtx-trans-icon\"><\/div>\n<\/div>\n<p>[\/vc_column_text]<\/div><\/div><div class=\"clearboth\"><\/div><\/div>[\/vc_column_inner][vc_column_inner width=&#8221;1\/3&#8243;]<div class=\"gem-icon-with-text gem-icon-with-text-icon-size-small\" ><div style=\"margin-bottom:0px;margin-top:0px; \" class=\"gem-icon-with-text-icon\"><div class=\"gem-icon gem-icon-pack-material gem-icon-size-small  gem-icon-shape-circle\"  style=\"border-color: #3c3c3b;opacity: 1;\"><div class=\"gem-icon-inner\" style=\"background-color: #3c3c3b;\"><span class=\"gem-icon-half-1\" style=\"color: #95c11f;\"><span class=\"back-angle\">&#xf287;<\/span><\/span><span class=\"gem-icon-half-2\" style=\"color: #95c11f;\"><span class=\"back-angle\">&#xf287;<\/span><\/span><\/div><\/div><\/div><div class=\"gem-icon-with-text-content\" ><div class=\"gem-icon-with-text-text\">[vc_column_text css=&#8221;.vc_custom_1595862297406{margin-top: 12px !important;}&#8221;]<\/p>\n<div class=\"title-h5\">S\u00fcrekli geli\u015fim anlay\u0131\u015f\u0131 ile \u00e7al\u0131\u015f\u0131r\u0131z<\/div>\n<p>[\/vc_column_text]<\/div><\/div><div class=\"clearboth\"><\/div><\/div>[\/vc_column_inner][\/vc_row_inner]<div class=\"clearboth\"><\/div><style>#thegem-divider-69de3bf92fde8 {margin-top: 60px !important;}<\/style><div id=\"thegem-divider-69de3bf92fde8\" class=\"gem-divider  \" style=\"\" ><\/div>[vc_row_inner][vc_column_inner width=&#8221;1\/3&#8243;]<div class=\"gem-icon-with-text gem-icon-with-text-icon-size-small\" ><div style=\"margin-bottom:0px;margin-top:0px; \" class=\"gem-icon-with-text-icon\"><div class=\"gem-icon gem-icon-pack-material gem-icon-size-small  gem-icon-shape-circle\"  style=\"border-color: #95c11f;opacity: 1;\"><div class=\"gem-icon-inner\" style=\"background-color: #95c11f;\"><span class=\"gem-icon-half-1\" style=\"color: #3c3c3b;\"><span class=\"back-angle\">&#xf287;<\/span><\/span><span class=\"gem-icon-half-2\" style=\"color: #3c3c3b;\"><span class=\"back-angle\">&#xf287;<\/span><\/span><\/div><\/div><\/div><div class=\"gem-icon-with-text-content\" ><div class=\"gem-icon-with-text-text\">[vc_column_text css=&#8221;.vc_custom_1595862349225{margin-top: 12px !important;}&#8221;]<\/p>\n<div class=\"title-h5\">Teknolojiyi geli\u015fimimizin oda\u011f\u0131na koyar\u0131z<\/div>\n<p>[\/vc_column_text]<\/div><\/div><div class=\"clearboth\"><\/div><\/div>[\/vc_column_inner][vc_column_inner width=&#8221;1\/3&#8243;]<div class=\"gem-icon-with-text gem-icon-with-text-icon-size-small\" ><div style=\"margin-bottom:0px;margin-top:0px; \" class=\"gem-icon-with-text-icon\"><div class=\"gem-icon gem-icon-pack-material gem-icon-size-small  gem-icon-shape-circle\"  style=\"border-color: #3c3c3b;opacity: 1;\"><div class=\"gem-icon-inner\" style=\"background-color: #3c3c3b;\"><span class=\"gem-icon-half-1\" style=\"color: #95c11f;\"><span class=\"back-angle\">&#xf287;<\/span><\/span><span class=\"gem-icon-half-2\" style=\"color: #95c11f;\"><span class=\"back-angle\">&#xf287;<\/span><\/span><\/div><\/div><\/div><div class=\"gem-icon-with-text-content\" ><div class=\"gem-icon-with-text-text\">[vc_column_text css=&#8221;.vc_custom_1595862370553{margin-top: 12px !important;}&#8221;]<\/p>\n<div class=\"title-h5\">Hizmet noktas\u0131nda standartlar\u0131m\u0131zdan asla \u00f6d\u00fcn vermeyiz<\/div>\n<p>[\/vc_column_text]<\/div><\/div><div class=\"clearboth\"><\/div><\/div>[\/vc_column_inner][vc_column_inner width=&#8221;1\/3&#8243;]<div class=\"gem-icon-with-text gem-icon-with-text-icon-size-small\" ><div style=\"margin-bottom:0px;margin-top:0px; \" class=\"gem-icon-with-text-icon\"><div class=\"gem-icon gem-icon-pack-material gem-icon-size-small  gem-icon-shape-circle\"  style=\"border-color: #95c11f;opacity: 1;\"><div class=\"gem-icon-inner\" style=\"background-color: #95c11f;\"><span class=\"gem-icon-half-1\" style=\"color: #3c3c3b;\"><span class=\"back-angle\">&#xf287;<\/span><\/span><span class=\"gem-icon-half-2\" style=\"color: #3c3c3b;\"><span class=\"back-angle\">&#xf287;<\/span><\/span><\/div><\/div><\/div><div class=\"gem-icon-with-text-content\" ><div class=\"gem-icon-with-text-text\">[vc_column_text css=&#8221;.vc_custom_1595862391334{margin-top: 12px !important;}&#8221;]<\/p>\n<div class=\"title-h5\">Yenilik\u00e7i bak\u0131\u015f a\u00e7\u0131m\u0131z\u0131 i\u015fimizin her kademesine yans\u0131t\u0131r\u0131z<\/div>\n<p>[\/vc_column_text]<\/div><\/div><div class=\"clearboth\"><\/div><\/div>[\/vc_column_inner][\/vc_row_inner][\/vc_column][\/vc_row][vc_row full_width=&#8221;stretch_row&#8221; equal_height=&#8221;yes&#8221; disable_element=&#8221;yes&#8221; css=&#8221;.vc_custom_1596639694378{margin-top: 80px !important;margin-bottom: 0px !important;}&#8221;][vc_column offset=&#8221;vc_col-lg-12 vc_col-md-7&#8243;][vc_column_text]<\/p>\n<div class=\"title-h6\">B\u0130Z\u0130 RAK\u0130PLER\u0130M\u0130ZDEN FARKLILA\u015eTIRAN<\/div>\n<p>[\/vc_column_text][vc_column_text]<\/p>\n<div class=\"title-h1\" style=\"letter-spacing: 0;\">YAPI TA\u015eLARI<\/div>\n<p>[\/vc_column_text]<div class=\"clearboth\"><\/div><style>#thegem-divider-69de3bf93021b {margin-top: 45px !important;}<\/style><div id=\"thegem-divider-69de3bf93021b\" class=\"gem-divider  \" style=\"\" ><\/div>[vc_single_image image=&#8221;24052&#8243; img_size=&#8221;full&#8221; alignment=&#8221;center&#8221; style=&#8221;vc_box_shadow_3d&#8221;]<div class=\"clearboth\"><\/div><style>#thegem-divider-69de3bf93028e {margin-top: 45px !important;}<\/style><div id=\"thegem-divider-69de3bf93028e\" class=\"gem-divider  \" style=\"\" ><\/div>[vc_row_inner][vc_column_inner offset=&#8221;vc_col-lg-6&#8243;][vc_column_text]<strong>Kurumsall\u0131k:<\/strong> Organizasyonel yap\u0131m\u0131z ve y\u00f6netim sistemlerimiz ile sekt\u00f6r\u00fcn en kurumsal otomat operat\u00f6r\u00fcy\u00fcz.<\/p>\n<p><strong>Teknoloji:<\/strong> En b\u00fcy\u00fck yat\u0131r\u0131mlar\u0131m\u0131zdan biri yaz\u0131l\u0131m teknolojileridir. Teknoloji geli\u015ftik\u00e7e sistemlerimiz de h\u0131zl\u0131ca de\u011fi\u015fime adapte olarak geli\u015fir.[\/vc_column_text][\/vc_column_inner][vc_column_inner offset=&#8221;vc_col-lg-6&#8243;][vc_column_text]<strong>Yenilik\u00e7ilik:<\/strong> Sekt\u00f6r\u00fcn \u0130\u015f Geli\u015ftirme s\u00fcre\u00e7leri i\u00e7in dedike birimi olan tek otomat operat\u00f6r\u00fcy\u00fcz. \u0130\u015f Geli\u015ftirme birimimiz ile m\u00fc\u015fteri ve t\u00fcketici ihtiya\u00e7lar\u0131n\u0131 \u00f6nceden saptayarak memnuniyet seviyesini s\u00fcrekli y\u00fcksek tutmay\u0131 ama\u00e7l\u0131yoruz. Marka i\u015fbirlikleri ile geli\u015ftirilen ve T\u00fcrkiye\u2019de ilk kez hayata ge\u00e7irilen projelerle; markalara t\u00fcketicilerle ba\u011f kurabilecekleri yepyeni mecralar olu\u015ftururken, otomatlar\u0131n kullan\u0131c\u0131lara sa\u011flad\u0131\u011f\u0131 faydalar\u0131 da art\u0131rmak i\u00e7in \u00e7al\u0131\u015f\u0131yoruz.[\/vc_column_text][\/vc_column_inner][\/vc_row_inner]<div class=\"clearboth\"><\/div><style>#thegem-divider-69de3bf9302e7 {margin-top: 45px !important;}<\/style><div id=\"thegem-divider-69de3bf9302e7\" class=\"gem-divider  \" style=\"\" ><\/div>[\/vc_column][\/vc_row][vc_row full_width=&#8221;stretch_row&#8221; css=&#8221;.vc_custom_1596640259571{margin-top: -25px !important;padding-top: 50px !important;padding-bottom: 50px !important;background-color: #36395b !important;}&#8221;][vc_column width=&#8221;1\/2&#8243;][vc_single_image image=&#8221;24200&#8243; img_size=&#8221;full&#8221;][\/vc_column][vc_column width=&#8221;1\/2&#8243;]<div class=\"clearboth\"><\/div><style>#thegem-divider-69de3bf930336 {margin-top: 20px !important;}<\/style><div id=\"thegem-divider-69de3bf930336\" class=\"gem-divider  \" style=\"\" ><\/div>[vc_column_text]<\/p>\n<div class=\"title-h6\"><span style=\"color: #ffffff;\">B\u0130Z\u0130 RAK\u0130PLER\u0130M\u0130ZDEN FARKLILA\u015eTIRAN<\/span><\/div>\n<p>[\/vc_column_text][vc_column_text]<\/p>\n<div class=\"title-h1\" style=\"letter-spacing: 0;\"><span style=\"color: #ffffff;\">YAPI TA\u015eLARI<\/span><\/div>\n<p>[\/vc_column_text]<div class=\"clearboth\"><\/div><style>#thegem-divider-69de3bf93038c {margin-top: 30px !important;}<\/style><div id=\"thegem-divider-69de3bf93038c\" class=\"gem-divider  \" style=\"\" ><\/div>[vc_column_text]<span style=\"color: #ffffff;\"><strong>Kurumsall\u0131k:<\/strong> Organizasyonel yap\u0131m\u0131z ve y\u00f6netim sistemlerimiz ile sekt\u00f6r\u00fcn en kurumsal otomat operat\u00f6r\u00fcy\u00fcz.<\/span><\/p>\n<p><span style=\"color: #ffffff;\"><strong>Teknoloji:<\/strong> En b\u00fcy\u00fck yat\u0131r\u0131mlar\u0131m\u0131zdan biri yaz\u0131l\u0131m teknolojileridir. Teknoloji geli\u015ftik\u00e7e sistemlerimiz de h\u0131zl\u0131ca de\u011fi\u015fime adapte olarak geli\u015fir.<\/span><\/p>\n<p><span style=\"color: #ffffff;\"><strong>Yenilik\u00e7ilik:<\/strong> Sekt\u00f6r\u00fcn \u0130\u015f Geli\u015ftirme s\u00fcre\u00e7leri i\u00e7in dedike birimi olan tek otomat operat\u00f6r\u00fcy\u00fcz. \u0130\u015f Geli\u015ftirme birimimiz ile m\u00fc\u015fteri ve t\u00fcketici ihtiya\u00e7lar\u0131n\u0131 \u00f6nceden saptayarak memnuniyet seviyesini s\u00fcrekli y\u00fcksek tutmay\u0131 ama\u00e7l\u0131yoruz. Marka i\u015fbirlikleri ile geli\u015ftirilen ve T\u00fcrkiye\u2019de ilk kez hayata ge\u00e7irilen projelerle; markalara t\u00fcketicilerle ba\u011f kurabilecekleri yepyeni mecralar olu\u015ftururken, otomatlar\u0131n kullan\u0131c\u0131lara sa\u011flad\u0131\u011f\u0131 faydalar\u0131 da art\u0131rmak i\u00e7in \u00e7al\u0131\u015f\u0131yoruz.<\/span><br \/>\n[\/vc_column_text][\/vc_column][\/vc_row][vc_row][vc_column]<div class=\"clearboth\"><\/div><style>#thegem-divider-69de3bf9303da {margin-top: 150px !important;}<\/style><div id=\"thegem-divider-69de3bf9303da\" class=\"gem-divider  \" style=\"\" ><\/div>[\/vc_column][\/vc_row]<\/p>\n<\/div>","protected":false},"excerpt":{"rendered":"<p>[vc_row full_width=&#8221;stretch_row_content_no_spaces&#8221; equal_height=&#8221;yes&#8221; css=&#8221;.vc_custom_1513928757333{margin-bottom: 0px !important;}&#8221;][vc_column offset=&#8221;vc_hidden-md vc_hidden-sm vc_hidden-xs&#8221;][\/vc_column][\/vc_row][vc_row full_width=&#8221;stretch_row&#8221; equal_height=&#8221;yes&#8221; css=&#8221;.vc_custom_1596720550760{margin-top: 40px !important;margin-bottom: 0px !important;}&#8221;][vc_column offset=&#8221;vc_col-lg-8 vc_col-md-7&#8243;][vc_column_text] MAT\u0130K OTOMAT&#8230;<\/p>\n","protected":false},"author":1,"featured_media":0,"parent":0,"menu_order":0,"comment_status":"closed","ping_status":"closed","template":"","meta":{"footnotes":""},"class_list":["post-24590","page","type-page","status-publish"],"_links":{"self":[{"href":"https:\/\/www.matikotomat.com.tr\/en\/wp-json\/wp\/v2\/pages\/24590","targetHints":{"allow":["GET"]}}],"collection":[{"href":"https:\/\/www.matikotomat.com.tr\/en\/wp-json\/wp\/v2\/pages"}],"about":[{"href":"https:\/\/www.matikotomat.com.tr\/en\/wp-json\/wp\/v2\/types\/page"}],"author":[{"embeddable":true,"href":"https:\/\/www.matikotomat.com.tr\/en\/wp-json\/wp\/v2\/users\/1"}],"replies":[{"embeddable":true,"href":"https:\/\/www.matikotomat.com.tr\/en\/wp-json\/wp\/v2\/comments?post=24590"}],"version-history":[{"count":0,"href":"https:\/\/www.matikotomat.com.tr\/en\/wp-json\/wp\/v2\/pages\/24590\/revisions"}],"wp:attachment":[{"href":"https:\/\/www.matikotomat.com.tr\/en\/wp-json\/wp\/v2\/media?parent=24590"}],"curies":[{"name":"wp","href":"https:\/\/api.w.org\/{rel}","templated":true}]}}